{"id":8,"date":"2016-09-08T11:15:10","date_gmt":"2016-09-08T11:15:10","guid":{"rendered":"https:\/\/chiarifoundationbcn.com\/en\/?page_id=8"},"modified":"2023-10-04T11:20:08","modified_gmt":"2023-10-04T10:20:08","slug":"chiari-syringomyelia-scoliosis-foundaion","status":"publish","type":"page","link":"https:\/\/chiarifoundationbcn.com\/en\/chiari-syringomyelia-scoliosis-foundaion\/","title":{"rendered":"Who we are"},"content":{"rendered":"<div style=\"text-align: justify;font-size:20px;\">\n<p style=\"text-align: justify;\">The Chiari &#038; Scoliosis &#038; Syringomyelia Foundation (CSSf) was created with the motive of dissemination and application of the medical findings made by Dr. Miguel B. Royo with the support and collaboration of the Autonomous University of Barcelona, Institut Neurol\u00f2gic de Barcelona and Institut Chiari de Barcelona, among other entities.<\/p>\n<p style=\"text-align: justify;\">The CSSF is dedicated to the investigation of the Filum Disease, teaching about it, and social aid. It was created in October 2008 with the purpose of projecting forward Dr. Royo Salvador\u2019s medical-scientific discoveries of more than 40 years and to disseminate his theory about the causes and solutions of a set of diseases. The Foundation\u2019s presentation took place on 4 November 2008, at the Auditorium of the Masia of the CIMA clinic in Barcelona, on the occasion of the presentation \u201cA new treatment for Chiari, Syringomyelia and Scoliosis&#8221;<\/p>\n<p>    &nbsp;\n    <\/p><\/div>\n<div class=\"row\">\n<div class=\"col-md-4\">\n<div class=\"teamPat\"><img decoding=\"async\" loading=\"lazy\" src=\"https:\/\/chiarifoundationbcn.com\/en\/wp-content\/themes\/cssf\/img\/DrRoyo.jpg\" width=\"315\" height=\"auto\" alt=\"\" align=\"center\" class=\"img-responsive alignnone size-medium wp-image-87\" \/><\/div>\n<\/p><\/div>\n<div class=\"col-md-8\">\n<div class=\"teamDataPat\">\n<h3>Founder and President of the board of Trustees<\/h3>\n<h4 class=\"teamName\">Dr. Miguel B. Royo Salvador <\/h4>\n<p><\/p>\n<p>Bachelor of Medicine and Surgery<\/p>\n<p>Doctor of Medicine and Surgery<\/p>\n<p>Specialist in Neurosurgery and Neurology<\/p>\n<p>Director of Institut Chiari &amp; Siringomielia &amp; Escoliosis de Barcelona<\/p>\n<\/p><\/div>\n<\/p><\/div>\n<\/p><\/div>\n<div class=\"row\" style=\"margin-top: 30px;\">\n    <!--\n      \n\n<div class=\"col-md-4\">\n        \n\n<div class=\"team\"><img decoding=\"async\" loading=\"lazy\" src=\"https:\/\/chiarifoundationbcn.com\/en\/wp-content\/uploads\/2016\/12\/qsdrdomenech.jpg\" width=\"315\" height=\"auto\" alt=\"\" align=\"center\" class=\"img-responsive alignnone size-medium wp-image-89\" \/><\/div>\n\n\n        \n\n<div class=\"teamData\">\n          \n\n<h3>Trustee<\/h3>\n\n\n          \n\n<h4 class=\"teamName\">Dr. Jos\u00e9 Mar\u00eda Dom\u00e9nech Mateu<\/h4>\n\n\n          <br \/>\n          \n\n<p style=\"text-align: left;\">Head Professor of the Human Anatomy and Embryology Unit of the School of Medicine of the Autonomous University of Barcelona<\/p>\n\n\n        <\/div>\n\n\n      <\/div>\n\n\n    --><\/p>\n<div class=\"col-md-4\">\n<div class=\"team\"><img decoding=\"async\" loading=\"lazy\" src=\"https:\/\/chiarifoundationbcn.com\/en\/wp-content\/uploads\/2016\/12\/qsjmarin.jpg\" width=\"315\" height=\"auto\" alt=\"\" align=\"center\" class=\"img-responsive alignnone size-medium wp-image-90\" \/><\/div>\n<div class=\"teamData\">\n<h3>Trustee<\/h3>\n<h4 class=\"teamName\">Joana Mar\u00edn Fonseca<\/h4>\n<p><\/p>\n<p style=\"text-align: left;\">\n<p style=\"text-align: left;\">Bachelor Degree in Law and Diploma in Civil Law<\/p>\n<p style=\"text-align: left;\">\n<p style=\"text-align: left;\">Expert lawyer in Civil Law<\/p>\n<\/p><\/div>\n<\/p><\/div>\n<div class=\"col-md-4\">\n<div class=\"team\"><img decoding=\"async\" loading=\"lazy\" src=\"https:\/\/chiarifoundationbcn.com\/en\/wp-content\/uploads\/2017\/06\/Dr-Rodriguez-patron.jpg\" width=\"315\" height=\"auto\" alt=\"\" align=\"center\" class=\"img-responsive alignnone size-medium wp-image-90\" \/><\/div>\n<div class=\"teamData\">\n<h3>Trustee<\/h3>\n<h4 class=\"teamName\">Dr. Alfonso Rodr\u00edguez Baeza<\/h4>\n<p><\/p>\n<p>Graduated in Medicine and Surgery from the Autonomous University of Barcelona (UAB)<\/p>\n<p>Doctor of Medicine and Surgery by the UAB<\/p>\n<p>Head Professor of Human Anatomy at the Faculty of Medicine of the UAB<\/p>\n<p>Academic Correspondent elected by the Royal Academy of Medicine of Catalonia<\/p>\n<p>Corresponding member of the Chilean Society of Anatomy<\/p>\n<\/p><\/div>\n<\/p><\/div>\n<div class=\"col-md-4\">\n<div class=\"team\"><img decoding=\"async\" loading=\"lazy\" src=\"https:\/\/chiarifoundationbcn.com\/en\/wp-content\/uploads\/2019\/07\/Dr-Frederic-Llordachs-patron.jpg\" width=\"315\" height=\"auto\" alt=\"\" align=\"center\" class=\"img-responsive alignnone size-medium wp-image-90\" \/><\/div>\n<div class=\"teamData-xs\">\n<h3>Trustee<\/h3>\n<h4 class=\"teamName\">Dr. Frederic Llordachs i Marques<\/h4>\n<p><\/p>\n<p style=\"text-align: left;\">Degree in Medicine and Surgery from the Rovira i Virgili University.<\/p>\n<p style=\"text-align: left;\">Master in Business Administration from ESADE Business &#038; Law School.<\/p>\n<p style=\"text-align: left;\">Co-founder, partner and Global Business Development Manager in &#8220;Doctoralia&#8221;.<\/p>\n<p style=\"text-align: left;\">Partner at <em>Braincats Consulting<\/em>.<\/p>\n<p style=\"text-align: left;\">Ambassador at <em>Barcelona Health Hub<\/em>.<\/p>\n<p style=\"text-align: left;\">eHealth Manager in the Associaci\u00f3 Catalana d\u2019Entitats de Salut (ACES).<\/p>\n<p style=\"text-align: left;\">Member of the Board in the Junta en la Societat Catalana de Gesti\u00f3 Sanit\u00e0ria.<\/p>\n<\/p><\/div>\n<\/p><\/div>\n<\/p><\/div>\n<div class=\"row\" style=\"margin-top: 30px;\">\n    <!--\n      \n\n<div class=\"col-md-4\">\n        \n\n<div class=\"team\"><img decoding=\"async\" loading=\"lazy\" src=\"https:\/\/chiarifoundationbcn.com\/en\/wp-content\/uploads\/2017\/06\/Sr-Xavier-patron.jpg\" width=\"315\" height=\"auto\" alt=\"\" align=\"center\" class=\"img-responsive alignnone size-medium wp-image-90\" \/><\/div>\n\n\n        \n\n<div class=\"teamData-xs\">\n          \n\n<h3>Trustee<\/h3>\n\n\n          \n\n<h4 class=\"teamName\">Luis Javier Ant\u00f3n Fern\u00e1ndez<\/h4>\n\n\n          <br \/>\n          \n\n<p style=\"text-align: left;\">Graduate in Law<\/p>\n\n\n          \n\n<p style=\"text-align: left;\">Graduate in East Asian Studies<\/p>\n\n\n          \n\n<p style=\"text-align: left;\">Master in International Relations<\/p>\n\n\n        <\/div>\n\n\n      <\/div>\n\n\n    --><\/p>\n<div class=\"col-md-4\">\n<div class=\"team\"><img decoding=\"async\" loading=\"lazy\" src=\"https:\/\/chiarifoundationbcn.com\/en\/wp-content\/uploads\/2023\/03\/Doc_Fiallos.jpg\" width=\"315\" height=\"auto\" alt=\"\" align=\"center\" class=\"img-responsive alignnone size-medium wp-image-91\" \/><\/div>\n<div class=\"teamData-xs\">\n<h3>Trustee<\/h3>\n<h4 class=\"teamName\">Dr. Marco Fiallos Rivera<\/h4>\n<p><\/p>\n<p>Graduate in medicine and surgery<\/p>\n<p>Neurosurgery Specialist<\/p>\n<p>Neurosurgeron in Institut Chiari &#038; Siringomielia &#038; Escoliosis de Barcelona<\/p>\n<\/p><\/div>\n<\/p><\/div>\n<div class=\"col-md-4\">\n<div class=\"team\"><img decoding=\"async\" loading=\"lazy\" src=\"https:\/\/chiarifoundationbcn.com\/en\/wp-content\/uploads\/2020\/03\/mara-300x400.jpg\" width=\"315\" height=\"auto\" alt=\"\" align=\"center\" class=\"img-responsive alignnone size-medium wp-image-91\" \/><\/div>\n<div class=\"teamData-xs\">\n<h3>Trustee<\/h3>\n<h4 class=\"teamName\">Mara Linette Espino Hernandez<\/h4>\n<p><\/p>\n<p style=\"text-align: left;\">Health Services Manager<\/p>\n<p style=\"text-align: left;\">Subdirector at Institut Chiari &#038; Siringomielia &#038; Escoliosis de Barcelona<\/p>\n<\/p><\/div>\n<\/p><\/div>\n<div class=\"col-md-4\">\n<div class=\"team\"><img decoding=\"async\" loading=\"lazy\" src=\"https:\/\/chiarifoundationbcn.com\/en\/wp-content\/uploads\/2019\/11\/Sra-Marta-Guerrero.jpg\" width=\"315\" height=\"auto\" alt=\"\" align=\"center\" class=\"img-responsive alignnone size-medium wp-image-91\" \/><\/div>\n<div class=\"teamData-xs\">\n<h3>Secretary<\/h3>\n<h4 class=\"teamName\">Ms. Marta Guerrero S\u00e1nchez-Puerta<\/h4>\n<p><\/p>\n<p>E-mail: <a href=\"mailto:mguerrero@chiarifoundationbcn.com\" style=\"font-size: 17px;\">mguerrero@chiarifoundationbcn.com<\/a><\/p>\n<\/p><\/div>\n<\/p><\/div>\n<\/p><\/div>\n<div class=\"row\" style=\"margin-top: 30px;\">\n<div class=\"col-md-4\">\n<div class=\"team\"><img decoding=\"async\" loading=\"lazy\" src=\"https:\/\/chiarifoundationbcn.com\/en\/wp-content\/uploads\/2016\/09\/Nina-CSSF-foto.jpg\" alt=\"\" width=\"315\" height=\"auto\" class=\"img-responsive alignnone size-full wp-image-854\" srcset=\"https:\/\/chiarifoundationbcn.com\/en\/wp-content\/uploads\/2016\/09\/Nina-CSSF-foto.jpg 300w, https:\/\/chiarifoundationbcn.com\/en\/wp-content\/uploads\/2016\/09\/Nina-CSSF-foto-225x300.jpg 225w\" sizes=\"(max-width: 300px) 100vw, 300px\" \/><\/div>\n<div class=\"teamData-xs\">\n<h3>Secretariat<\/h3>\n<h4 class=\"teamName\">Nina Arutiounova<\/h4>\n<p><\/p>\n<p>E-mail: <a href=\"mailto:cssf@chiarifoundationbcn.com\" style=\"font-size: 17px;\">cssf@chiarifoundationbcn.com<\/a><\/p>\n<\/p><\/div>\n<\/p><\/div>\n<\/p><\/div>\n<p>    &nbsp;<\/p>\n<h2>HONORARY POSITIONS<\/h2>\n<p style=\"text-align: justify;\">The Foundation awards honorary positions like President of Honour, Trustee of Honour, Benefactor, Sponser and Collaborator in recognition of: actions and unconditional support, social relevance, scientific merits, professional careers or any other consideration that helps and has contributed to the achievement of the founding objectives of the Foundation.<\/p>\n<p style=\"text-align: justify;\">The honorary positions granted to date are:<\/p>\n<div class=\"row\">\n<div class=\"col-xs-12 col-md-6\">\n        &nbsp;<\/p>\n<h4>HONORARY BENEFACTORS<\/h4>\n<p>        Dr. Rafael Gonz\u00e1lez-Adrio Mart\u00ednez<br \/>\n        Rita Presbulgo<br \/>\n        Angelo Donzelli<br \/>\n        &#8220;AI.SAC.SIS.CO&#8221; &#8211; Associazione Italiana Sindrome Arnold-Chiari, Siringomielia, Scoliosi, Filum.Tomizzati<br \/>\n        &#8220;A.M.I.S des M.O.M&#8221; &#8211; Association Maladies Inconnues Solidaires et Maladies Orphelines ou M\u00e9connues<br \/>\n        Caterina Fozzi<br \/>\n        <a href=\"http:\/\/www.icab.cat\" target=\"_blank\" rel=\"noopener noreferrer\">IL\u00b7LUSTRE COL\u00b7LEGI D&#8217;ADVOCATS DE BARCELONA<\/a><br \/>\n        <a href=\"https:\/\/www.comb.cat\/\" target=\"_blank\" rel=\"noopener noreferrer\">Col\u00b7legi Oficial de Metges de Barcelona<\/a><br \/>\n        <a href=\"https:\/\/consbarcellona.esteri.it\/consolato_barcellona\/es\" target=\"_blank\" rel=\"noopener noreferrer\">General Consulate of Italy in Barcelona <\/a><br \/>\n        <a href=\"https:\/\/www.hospitalcima.es\/es\/\" target=\"_blank\" rel=\"noopener noreferrer\">Sanitas, S.A. de Hospitales, Hospital CIMA <\/a><br \/>\n        <a href=\"http:\/\/www.freixenet.es\/\" target=\"_blank\" rel=\"noopener noreferrer\">GRUP FREIXENET<\/a><br \/>\n        <a href=\"https:\/\/www.aramark.es\/\" target=\"_blank\" rel=\"noopener noreferrer\">ARAMARK<\/a><br \/>\n        TASTISSIM S.L.<br \/>\n        Fondazione Banco di Sardegna<br \/>\n        Regione Autonoma della Sardegna<br \/>\n        Rotary Club Sedilo Marghine Centro Sardegna<br \/>\n        Azienda ARBLATTEREA 3 A (ARBOREA)<br \/>\n        Azienda FLESSCOMM SRL (CAGLIARI)<br \/>\n        Azienda BRUNDU SRL (TORRALBA)<br \/>\n        Azienda EUROGRAFICA (MACOMER)<br \/>\n        COMUNE DI MACOMER<br \/>\n        ASL NUORO<br \/>\n        Antonio Bocchinu<br \/>\n        Giovanni Antonio Morittu<br \/>\n        Nicola Iacobbe<br \/>\n        Mara Linette Espino Hern\u00e1ndez<br \/>\n        Baojie Liu<br \/>\n        Wentao Du<br \/>\n        Salvador Sadurn\u00ed Urp\u00ed<br \/>\n        Lionel Messi<br \/>\n        Georges Pierre Hillewaert<\/p>\n<p>        &nbsp;<\/p>\n<h4>Sponsers<\/h4>\n<p>        Elena Degl&#8217;Innocenti \u2028\u2028<br \/>\n        &nbsp;<\/p>\n<h4>HONORARY COLLABORATORS<\/h4>\n<p>                    Gioia Lu\u00e8<br \/>\n        Barbara Wr\u00f2blewska<br \/>\n        Dr.Carlos Sabater Almarza<br \/>\n        Dr.Rafael Gonz\u00e1lez-Adrio Mart\u00ednez<br \/>\n        Xavier Ant\u00f3n Fern\u00e1ndez<br \/>\n        Dr.Krzysztof Turowski<br \/>\n        &nbsp;<\/p>\n<h4>COLLABORATING DOCTORS<\/h4>\n<p>        Dr. Gabino Pittalis<br \/>\n        Dr. Francesco Croc\u00e9<br \/>\n                    Prof. \u00c1ngela Polito\n      <\/p><\/div>\n<div class=\"col-xs-12 col-md-6\">\n        &nbsp;<\/p>\n<h4><\/h4>\n<p>        Dr. Josefina Lopez Mart\u00ednez<br \/>\n        Dr. Antonio Victoria Ram\u00edrez<br \/>\n        Dr. Peppino Paffi<br \/>\n        Dr. Antonello Sechi<br \/>\n        Dr. Antioco Paolo Liori<br \/>\n        Dr. Antonio Pala<br \/>\n        Dr. Giorgio Aresu<br \/>\n        Dr. Francesco Garberi<br \/>\n        Dr. Grazia Chironi<br \/>\n        Dr. Giacomo Caruso<br \/>\n        &nbsp;<\/p>\n<h4>COLLABORATORS<\/h4>\n<p>        Monica Bacci \u2028<br \/>\n        Francesco Mauro \u2028<br \/>\n        Caterina Ravelli \u2028<br \/>\n        Angelo Sabatelli \u2028<br \/>\n        Athos Piccinini \u2028<br \/>\n        Sergio Maldini \u2028<br \/>\n        Fatima Giordano \u2028<br \/>\n        Rosalia Mocciaro \u2028<br \/>\n        Martina Combi<br \/>\n        Giampiera Negri<br \/>\n        Marisa Toscano<br \/>\n        Iano Antoci<br \/>\n        Caterina Lopez<br \/>\n        Cristina Garroni<br \/>\n        Nicola Iacobbe<br \/>\n        Daniela Putzolu<br \/>\n        Salvatore Cadau<br \/>\n        Sandro Lunesu<br \/>\n        Angelo Castellaccio<br \/>\n        Gianfranco Sibiriu<br \/>\n        Matteo Siciliano<br \/>\n        Enza Iacobbe<br \/>\n        Gaetano Partipilo<br \/>\n        Rosella Montevago<br \/>\n        Rosanna Biagiotti<br \/>\n        &nbsp;<\/p>\n<h4>COLLABORATING MEDICAL CENTER<\/h4>\n<p>        Centro M\u00e9dico Mantia (Palermo, Italia)<br \/>\n\t&nbsp;<\/p>\n<h4>Patients&#8217; sponsers<\/h4>\n<p>\t\tMarisa Toscano (Major sponser)<br \/>\n\t\tNicola Iacobbe<br \/>\n\t\tRosanna Biagiotti<br \/>\n\t\tBruna Magario<br \/>\n\t\tSilvia Salafia<br \/>\n\t\tPietro Gigliola<br \/>\n\t\tMariapia Ambrosio<br \/>\n\t\tPietro Funiciello<br \/>\n\t\tCaterina Ravelli<br \/>\n\t\tIda De Angelis<br \/>\n\t\tAsibe Asllani<br \/>\n\t\tGianpiera Negri<br \/>\n\t\tAnnalisa Caicci<br \/>\n\t\tEmanuele Belfiori<br \/>\n\t\tMaria Teresa Alunno-Ierano<br \/>\n\t\tLaura Ierano Filippi<br \/>\n\t\tRoselys Trujillo<br \/>\n\t\tSarah Barbier<br \/>\n\t\tFanny Heitz\n      <\/p><\/div>\n<\/p><\/div>\n<p>    &nbsp;<\/p>\n<p style=\"text-align: justify;\">The procedure for the awarding of honorary positions may be initiated at the suggestion of the Foundation\u2019s Founder or of a Trustee with the corresponding proposal referring to natural or legal persons who, in their judgment, may hold the positions, for their subsequent acceptance and appointment.<\/p>\n<p>    &nbsp;<\/p>\n<h2>LEGAL DOCUMENTS<\/h2>\n<p>    <span class=\"glyphicon glyphicon-file\" aria-hidden=\"true\"> <\/span> <a href=\"..\/pdf\/cert2017.pdf\" target=\"_blank\" rel=\"noopener noreferrer\">Accreditation as non benefit entity<\/a><br \/>\n    <span class=\"glyphicon glyphicon-file\" aria-hidden=\"true\"> <\/span> <a href=\"..\/pdf\/RegistroFundacio.pdf\" target=\"_blank\" rel=\"noopener noreferrer\">Registration of the Foundations<\/a><\/p>\n","protected":false},"excerpt":{"rendered":"<p>The Chiari &#038; Scoliosis &#038; Syringomyelia Foundation (CSSf) was created with the motive of dissemination and application of the medical findings made by Dr. Miguel B. Royo with the support and collaboration of the Autonomous University of Barcelona, Institut Neurol\u00f2gic de Barcelona and Institut Chiari de Barcelona, among other entities. The CSSF is dedicated to&#8230; &nbsp;<\/p>\n<p><a style=\"margin-top:20px;margin\" class=\"btn btn-default fade-hover\" role=\"button\" href=\"https:\/\/chiarifoundationbcn.com\/en\/chiari-syringomyelia-scoliosis-foundaion\/\"> Read more &rarr;<\/a><\/p>\n","protected":false},"author":1,"featured_media":0,"parent":0,"menu_order":0,"comment_status":"closed","ping_status":"closed","template":"cssf_aboutus.php","meta":[],"yoast_head":"<!-- This site is optimized with the Yoast SEO plugin v20.2.1 - https:\/\/yoast.com\/wordpress\/plugins\/seo\/ -->\n<title>Chiari &amp; Scoliosis &amp; Syringomyelia Fundaci\u00f3 privada - Quienes somos<\/title>\n<meta name=\"description\" content=\"La CSSf constituye la raz\u00f3n de su creaci\u00f3n en la difusi\u00f3n y aplicaci\u00f3n de los hallazgos m\u00e9dicos realizados por el Dr. Miguel B. Royo con el apoyo...\" \/>\n<meta name=\"robots\" content=\"index, follow, max-snippet:-1, max-image-preview:large, max-video-preview:-1\" \/>\n<link rel=\"canonical\" href=\"https:\/\/chiarifoundationbcn.com\/en\/chiari-syringomyelia-scoliosis-foundaion\/\" \/>\n<meta property=\"og:locale\" content=\"en_US\" \/>\n<meta property=\"og:type\" content=\"article\" \/>\n<meta property=\"og:title\" content=\"Chiari &amp; Scoliosis &amp; Syringomyelia Fundaci\u00f3 privada - Quienes somos\" \/>\n<meta property=\"og:description\" content=\"La CSSf constituye la raz\u00f3n de su creaci\u00f3n en la difusi\u00f3n y aplicaci\u00f3n de los hallazgos m\u00e9dicos realizados por el Dr. Miguel B. Royo con el apoyo...\" \/>\n<meta property=\"og:url\" content=\"https:\/\/chiarifoundationbcn.com\/en\/chiari-syringomyelia-scoliosis-foundaion\/\" \/>\n<meta property=\"og:site_name\" content=\"CSSF\" \/>\n<meta property=\"article:publisher\" content=\"https:\/\/www.facebook.com\/CSSfoundation\/\" \/>\n<meta property=\"article:modified_time\" content=\"2023-10-04T10:20:08+00:00\" \/>\n<meta property=\"og:image\" content=\"https:\/\/chiarifoundationbcn.com\/en\/wp-content\/themes\/cssf\/img\/DrRoyo.jpg\" \/>\n<meta name=\"twitter:card\" content=\"summary_large_image\" \/>\n<meta name=\"twitter:label1\" content=\"Est. reading time\" \/>\n\t<meta name=\"twitter:data1\" content=\"6 minutes\" \/>\n<script type=\"application\/ld+json\" class=\"yoast-schema-graph\">{\"@context\":\"https:\/\/schema.org\",\"@graph\":[{\"@type\":\"WebPage\",\"@id\":\"https:\/\/chiarifoundationbcn.com\/en\/chiari-syringomyelia-scoliosis-foundaion\/\",\"url\":\"https:\/\/chiarifoundationbcn.com\/en\/chiari-syringomyelia-scoliosis-foundaion\/\",\"name\":\"Chiari & Scoliosis & Syringomyelia Fundaci\u00f3 privada - Quienes somos\",\"isPartOf\":{\"@id\":\"https:\/\/chiarifoundationbcn.com\/en\/#website\"},\"datePublished\":\"2016-09-08T11:15:10+00:00\",\"dateModified\":\"2023-10-04T10:20:08+00:00\",\"description\":\"La CSSf constituye la raz\u00f3n de su creaci\u00f3n en la difusi\u00f3n y aplicaci\u00f3n de los hallazgos m\u00e9dicos realizados por el Dr. Miguel B. Royo con el apoyo...\",\"breadcrumb\":{\"@id\":\"https:\/\/chiarifoundationbcn.com\/en\/chiari-syringomyelia-scoliosis-foundaion\/#breadcrumb\"},\"inLanguage\":\"en-US\",\"potentialAction\":[{\"@type\":\"ReadAction\",\"target\":[\"https:\/\/chiarifoundationbcn.com\/en\/chiari-syringomyelia-scoliosis-foundaion\/\"]}]},{\"@type\":\"BreadcrumbList\",\"@id\":\"https:\/\/chiarifoundationbcn.com\/en\/chiari-syringomyelia-scoliosis-foundaion\/#breadcrumb\",\"itemListElement\":[{\"@type\":\"ListItem\",\"position\":1,\"name\":\"Portada\",\"item\":\"https:\/\/chiarifoundationbcn.com\/en\/\"},{\"@type\":\"ListItem\",\"position\":2,\"name\":\"Who we are\"}]},{\"@type\":\"WebSite\",\"@id\":\"https:\/\/chiarifoundationbcn.com\/en\/#website\",\"url\":\"https:\/\/chiarifoundationbcn.com\/en\/\",\"name\":\"CSSF\",\"description\":\"Chiari Scoliosis Syriangomyelia Fundaci\u00f3n\",\"potentialAction\":[{\"@type\":\"SearchAction\",\"target\":{\"@type\":\"EntryPoint\",\"urlTemplate\":\"https:\/\/chiarifoundationbcn.com\/en\/?s={search_term_string}\"},\"query-input\":\"required name=search_term_string\"}],\"inLanguage\":\"en-US\"}]}<\/script>\n<!-- \/ Yoast SEO plugin. -->","yoast_head_json":{"title":"Chiari & Scoliosis & Syringomyelia Fundaci\u00f3 privada - Quienes somos","description":"La CSSf constituye la raz\u00f3n de su creaci\u00f3n en la difusi\u00f3n y aplicaci\u00f3n de los hallazgos m\u00e9dicos realizados por el Dr. Miguel B. Royo con el apoyo...","robots":{"index":"index","follow":"follow","max-snippet":"max-snippet:-1","max-image-preview":"max-image-preview:large","max-video-preview":"max-video-preview:-1"},"canonical":"https:\/\/chiarifoundationbcn.com\/en\/chiari-syringomyelia-scoliosis-foundaion\/","og_locale":"en_US","og_type":"article","og_title":"Chiari & Scoliosis & Syringomyelia Fundaci\u00f3 privada - Quienes somos","og_description":"La CSSf constituye la raz\u00f3n de su creaci\u00f3n en la difusi\u00f3n y aplicaci\u00f3n de los hallazgos m\u00e9dicos realizados por el Dr. Miguel B. Royo con el apoyo...","og_url":"https:\/\/chiarifoundationbcn.com\/en\/chiari-syringomyelia-scoliosis-foundaion\/","og_site_name":"CSSF","article_publisher":"https:\/\/www.facebook.com\/CSSfoundation\/","article_modified_time":"2023-10-04T10:20:08+00:00","og_image":[{"url":"https:\/\/chiarifoundationbcn.com\/en\/wp-content\/themes\/cssf\/img\/DrRoyo.jpg"}],"twitter_card":"summary_large_image","twitter_misc":{"Est. reading time":"6 minutes"},"schema":{"@context":"https:\/\/schema.org","@graph":[{"@type":"WebPage","@id":"https:\/\/chiarifoundationbcn.com\/en\/chiari-syringomyelia-scoliosis-foundaion\/","url":"https:\/\/chiarifoundationbcn.com\/en\/chiari-syringomyelia-scoliosis-foundaion\/","name":"Chiari & Scoliosis & Syringomyelia Fundaci\u00f3 privada - Quienes somos","isPartOf":{"@id":"https:\/\/chiarifoundationbcn.com\/en\/#website"},"datePublished":"2016-09-08T11:15:10+00:00","dateModified":"2023-10-04T10:20:08+00:00","description":"La CSSf constituye la raz\u00f3n de su creaci\u00f3n en la difusi\u00f3n y aplicaci\u00f3n de los hallazgos m\u00e9dicos realizados por el Dr. Miguel B. Royo con el apoyo...","breadcrumb":{"@id":"https:\/\/chiarifoundationbcn.com\/en\/chiari-syringomyelia-scoliosis-foundaion\/#breadcrumb"},"inLanguage":"en-US","potentialAction":[{"@type":"ReadAction","target":["https:\/\/chiarifoundationbcn.com\/en\/chiari-syringomyelia-scoliosis-foundaion\/"]}]},{"@type":"BreadcrumbList","@id":"https:\/\/chiarifoundationbcn.com\/en\/chiari-syringomyelia-scoliosis-foundaion\/#breadcrumb","itemListElement":[{"@type":"ListItem","position":1,"name":"Portada","item":"https:\/\/chiarifoundationbcn.com\/en\/"},{"@type":"ListItem","position":2,"name":"Who we are"}]},{"@type":"WebSite","@id":"https:\/\/chiarifoundationbcn.com\/en\/#website","url":"https:\/\/chiarifoundationbcn.com\/en\/","name":"CSSF","description":"Chiari Scoliosis Syriangomyelia Fundaci\u00f3n","potentialAction":[{"@type":"SearchAction","target":{"@type":"EntryPoint","urlTemplate":"https:\/\/chiarifoundationbcn.com\/en\/?s={search_term_string}"},"query-input":"required name=search_term_string"}],"inLanguage":"en-US"}]}},"_links":{"self":[{"href":"https:\/\/chiarifoundationbcn.com\/en\/wp-json\/wp\/v2\/pages\/8"}],"collection":[{"href":"https:\/\/chiarifoundationbcn.com\/en\/wp-json\/wp\/v2\/pages"}],"about":[{"href":"https:\/\/chiarifoundationbcn.com\/en\/wp-json\/wp\/v2\/types\/page"}],"author":[{"embeddable":true,"href":"https:\/\/chiarifoundationbcn.com\/en\/wp-json\/wp\/v2\/users\/1"}],"replies":[{"embeddable":true,"href":"https:\/\/chiarifoundationbcn.com\/en\/wp-json\/wp\/v2\/comments?post=8"}],"version-history":[{"count":105,"href":"https:\/\/chiarifoundationbcn.com\/en\/wp-json\/wp\/v2\/pages\/8\/revisions"}],"predecessor-version":[{"id":1973,"href":"https:\/\/chiarifoundationbcn.com\/en\/wp-json\/wp\/v2\/pages\/8\/revisions\/1973"}],"wp:attachment":[{"href":"https:\/\/chiarifoundationbcn.com\/en\/wp-json\/wp\/v2\/media?parent=8"}],"curies":[{"name":"wp","href":"https:\/\/api.w.org\/{rel}","templated":true}]}}