{"id":271,"date":"2017-03-07T09:42:14","date_gmt":"2017-03-07T09:42:14","guid":{"rendered":"https:\/\/chiarifoundationbcn.com\/en\/?page_id=271"},"modified":"2017-11-21T16:24:30","modified_gmt":"2017-11-21T15:24:30","slug":"our-mission","status":"publish","type":"page","link":"https:\/\/chiarifoundationbcn.com\/en\/our-mission\/","title":{"rendered":"Our mission"},"content":{"rendered":"<h2 style=\"color: #00ae8d; text-align: center;\">RESEARCH, TEACHING AND AID<\/h2>\n<p>&nbsp;<\/p>\n<p style=\"text-align: justify;\">At the Chiari &amp; Scoliosis &amp; Syringomyelia Foundation (CSSf) we work to enhance research, dissemination and the application of Dr. Miguel B. Royo Salvador\u2019s medical findings with the support and collaboration of Autonomous University of Barcelona, Institut Neurol\u00f2gic de Barcelona and Institut Chiari &#038; Siringomielia &#038; Escoliosis de Barcelona (ICSEB), among others.<\/p>\n<p>Our work focuses on three areas:<\/p>\n<div class=\"row\">\n<div style=\"background: #00ae8d;height: 61px;padding-left: 20px;padding-top: 1px;margin-top: 3em;\">\n<h3 style=\"color:#fff;\">RESEARCH<\/h3>\n<\/div>\n<p>\t&nbsp;<\/p>\n<div class=\"col-md-4\">\n\t\t<img decoding=\"async\" src=\"https:\/\/chiarifoundationbcn.com\/en\/wp-content\/themes\/cssf\/img\/investigacion-cssf.jpg\">\n\t<\/div>\n<div class=\"col-md-8\">\n<p style=\"text-align: justify;\">At the Foundation we work everyday to promote research and innovation regarding the knowledge of the Filum Disease and diseases associated with it: Arnold-Chiari I Syndrome, idiopathic Syringomyelia and Scoliosis. It is for this reason that we support the Research and Development (R&#038;D) Department of the Institut Chiari &amp; Siringomielia &amp; Escoliosis of Barcelona (ICSEB). Holding R&#038;D accreditations by ACIE and ENAC since 2011, this department proposes the study of the new clinical concepts applied at the ICSEB, its publication and diffusion to the entire international scientific community.<\/p>\n<\/p><\/div>\n<\/div>\n<div class=\"row\">\n<div style=\"background: #00ae8d;height: 61px;padding-left: 20px;padding-top: 1px;margin-top: 3em;\">\n<h3 style=\"color:#fff;\">TRAINING<\/h3>\n<\/div>\n<p>\t&nbsp;<\/p>\n<div class=\"col-md-4\">\n\t\t<img decoding=\"async\" src=\"https:\/\/chiarifoundationbcn.com\/en\/wp-content\/themes\/cssf\/img\/docencia-cssf.jpg\">\n\t<\/div>\n<div class=\"col-md-8\">\n<p style=\"text-align: justify;\">At CSSf, we promote training specialists who are interested in learning about the Filum Disease, a disease so common and yet so unknown until now. With the collaboration of ICSEB professionals, we organize and promote meetings, discussions and conferences in different countries and in different languages to disseminate the Filum System<sup>\u00ae<\/sup> Method, directed at to professionals as well as patients.<\/p>\n<p style=\"text-align: justify;\">This allows professionals who wish to learn about the disease to make a first contact in their home country at one of these events, and then proceed to deepen their knowledge in the accreditation courses for the application of the health method organized by Filum Academy Barcelona<sup>\u00ae<\/sup> (FAB<sup>\u00ae<\/sup>), based at ICSEB, with which also we actively collaborate.<\/p>\n<\/p><\/div>\n<\/div>\n<div class=\"row\">\n<div style=\"background: #00ae8d;height: 61px;padding-left: 20px;padding-top: 1px;margin-top: 3em;\">\n<h3 style=\"color:#fff;\">SOCIAL HELP<\/h3>\n<\/div>\n<p>\t&nbsp;<\/p>\n<div class=\"col-md-4\">\n\t\t<img decoding=\"async\" src=\"https:\/\/chiarifoundationbcn.com\/en\/wp-content\/themes\/cssf\/img\/ayuda-social-cssf.jpg\">\n\t<\/div>\n<div class=\"col-md-8\">\n<p style=\"text-align: justify;\">We are a non-profit organization that survives exclusively on donations and grants. At CSSf we work to help patients affected by the Filum Disease to receive the best possible treatment that improves their quality of life. In order to fulfill this objective, we count on the help from all the people like us who fight for a future without the Filum Disease and other diseases that it encompasses. We are looking for a better future for the patients.<\/p>\n<p style=\"text-align: justify;\">If you want to know how you can help patients affected by the Filum Disease, please <a href=\"https:\/\/chiarifoundationbcn.com\/en\/haz-un-donativo\/\" target=\"_blank\">click here<\/a>.<\/p>\n<\/p><\/div>\n<\/div>\n","protected":false},"excerpt":{"rendered":"<p>RESEARCH, TEACHING AND AID &nbsp; At the Chiari &amp; Scoliosis &amp; Syringomyelia Foundation (CSSf) we work to enhance research, dissemination and the application of Dr. Miguel B. Royo Salvador\u2019s medical findings with the support and collaboration of Autonomous University of Barcelona, Institut Neurol\u00f2gic de Barcelona and Institut Chiari &#038; Siringomielia &#038; Escoliosis de Barcelona (ICSEB),&#8230; &nbsp;<\/p>\n<p><a style=\"margin-top:20px;margin\" class=\"btn btn-default fade-hover\" role=\"button\" href=\"https:\/\/chiarifoundationbcn.com\/en\/our-mission\/\"> Read more &rarr;<\/a><\/p>\n","protected":false},"author":1,"featured_media":0,"parent":0,"menu_order":0,"comment_status":"closed","ping_status":"closed","template":"cssf_mission.php","meta":[],"yoast_head":"<!-- This site is optimized with the Yoast SEO plugin v20.2.1 - https:\/\/yoast.com\/wordpress\/plugins\/seo\/ -->\n<title>Nuestra misi\u00f3n en &quot;Chiari &amp; Scoliosis &amp; Syringomyelia Fundaci\u00f3 Privada\u201d<\/title>\n<meta name=\"description\" content=\"La labor que desarrollamos en la Chiari &amp; Scoliosis &amp; Syringomyelia Fundaci\u00f3 (CSSf), se focaliza en tres \u00e1mbitos: Investigaci\u00f3n, docencia y ayuda social...\" \/>\n<meta name=\"robots\" content=\"index, follow, max-snippet:-1, max-image-preview:large, max-video-preview:-1\" \/>\n<link rel=\"canonical\" href=\"https:\/\/chiarifoundationbcn.com\/en\/our-mission\/\" \/>\n<meta property=\"og:locale\" content=\"en_US\" \/>\n<meta property=\"og:type\" content=\"article\" \/>\n<meta property=\"og:title\" content=\"Nuestra misi\u00f3n en &quot;Chiari &amp; Scoliosis &amp; Syringomyelia Fundaci\u00f3 Privada\u201d\" \/>\n<meta property=\"og:description\" content=\"La labor que desarrollamos en la Chiari &amp; Scoliosis &amp; Syringomyelia Fundaci\u00f3 (CSSf), se focaliza en tres \u00e1mbitos: Investigaci\u00f3n, docencia y ayuda social...\" \/>\n<meta property=\"og:url\" content=\"https:\/\/chiarifoundationbcn.com\/en\/our-mission\/\" \/>\n<meta property=\"og:site_name\" content=\"CSSF\" \/>\n<meta property=\"article:publisher\" content=\"https:\/\/www.facebook.com\/CSSfoundation\/\" \/>\n<meta property=\"article:modified_time\" content=\"2017-11-21T15:24:30+00:00\" \/>\n<meta property=\"og:image\" content=\"https:\/\/chiarifoundationbcn.com\/en\/wp-content\/themes\/cssf\/img\/investigacion-cssf.jpg\" \/>\n<meta name=\"twitter:card\" content=\"summary_large_image\" \/>\n<meta name=\"twitter:label1\" content=\"Est. reading time\" \/>\n\t<meta name=\"twitter:data1\" content=\"2 minutes\" \/>\n<script type=\"application\/ld+json\" class=\"yoast-schema-graph\">{\"@context\":\"https:\/\/schema.org\",\"@graph\":[{\"@type\":\"WebPage\",\"@id\":\"https:\/\/chiarifoundationbcn.com\/en\/our-mission\/\",\"url\":\"https:\/\/chiarifoundationbcn.com\/en\/our-mission\/\",\"name\":\"Nuestra misi\u00f3n en \\\"Chiari & Scoliosis & Syringomyelia Fundaci\u00f3 Privada\u201d\",\"isPartOf\":{\"@id\":\"https:\/\/chiarifoundationbcn.com\/en\/#website\"},\"datePublished\":\"2017-03-07T09:42:14+00:00\",\"dateModified\":\"2017-11-21T15:24:30+00:00\",\"description\":\"La labor que desarrollamos en la Chiari & Scoliosis & Syringomyelia Fundaci\u00f3 (CSSf), se focaliza en tres \u00e1mbitos: Investigaci\u00f3n, docencia y ayuda social...\",\"breadcrumb\":{\"@id\":\"https:\/\/chiarifoundationbcn.com\/en\/our-mission\/#breadcrumb\"},\"inLanguage\":\"en-US\",\"potentialAction\":[{\"@type\":\"ReadAction\",\"target\":[\"https:\/\/chiarifoundationbcn.com\/en\/our-mission\/\"]}]},{\"@type\":\"BreadcrumbList\",\"@id\":\"https:\/\/chiarifoundationbcn.com\/en\/our-mission\/#breadcrumb\",\"itemListElement\":[{\"@type\":\"ListItem\",\"position\":1,\"name\":\"Portada\",\"item\":\"https:\/\/chiarifoundationbcn.com\/en\/\"},{\"@type\":\"ListItem\",\"position\":2,\"name\":\"Our mission\"}]},{\"@type\":\"WebSite\",\"@id\":\"https:\/\/chiarifoundationbcn.com\/en\/#website\",\"url\":\"https:\/\/chiarifoundationbcn.com\/en\/\",\"name\":\"CSSF\",\"description\":\"Chiari Scoliosis Syriangomyelia Fundaci\u00f3n\",\"potentialAction\":[{\"@type\":\"SearchAction\",\"target\":{\"@type\":\"EntryPoint\",\"urlTemplate\":\"https:\/\/chiarifoundationbcn.com\/en\/?s={search_term_string}\"},\"query-input\":\"required name=search_term_string\"}],\"inLanguage\":\"en-US\"}]}<\/script>\n<!-- \/ Yoast SEO plugin. -->","yoast_head_json":{"title":"Nuestra misi\u00f3n en \"Chiari & Scoliosis & Syringomyelia Fundaci\u00f3 Privada\u201d","description":"La labor que desarrollamos en la Chiari & Scoliosis & Syringomyelia Fundaci\u00f3 (CSSf), se focaliza en tres \u00e1mbitos: Investigaci\u00f3n, docencia y ayuda social...","robots":{"index":"index","follow":"follow","max-snippet":"max-snippet:-1","max-image-preview":"max-image-preview:large","max-video-preview":"max-video-preview:-1"},"canonical":"https:\/\/chiarifoundationbcn.com\/en\/our-mission\/","og_locale":"en_US","og_type":"article","og_title":"Nuestra misi\u00f3n en \"Chiari & Scoliosis & Syringomyelia Fundaci\u00f3 Privada\u201d","og_description":"La labor que desarrollamos en la Chiari & Scoliosis & Syringomyelia Fundaci\u00f3 (CSSf), se focaliza en tres \u00e1mbitos: Investigaci\u00f3n, docencia y ayuda social...","og_url":"https:\/\/chiarifoundationbcn.com\/en\/our-mission\/","og_site_name":"CSSF","article_publisher":"https:\/\/www.facebook.com\/CSSfoundation\/","article_modified_time":"2017-11-21T15:24:30+00:00","og_image":[{"url":"https:\/\/chiarifoundationbcn.com\/en\/wp-content\/themes\/cssf\/img\/investigacion-cssf.jpg"}],"twitter_card":"summary_large_image","twitter_misc":{"Est. reading time":"2 minutes"},"schema":{"@context":"https:\/\/schema.org","@graph":[{"@type":"WebPage","@id":"https:\/\/chiarifoundationbcn.com\/en\/our-mission\/","url":"https:\/\/chiarifoundationbcn.com\/en\/our-mission\/","name":"Nuestra misi\u00f3n en \"Chiari & Scoliosis & Syringomyelia Fundaci\u00f3 Privada\u201d","isPartOf":{"@id":"https:\/\/chiarifoundationbcn.com\/en\/#website"},"datePublished":"2017-03-07T09:42:14+00:00","dateModified":"2017-11-21T15:24:30+00:00","description":"La labor que desarrollamos en la Chiari & Scoliosis & Syringomyelia Fundaci\u00f3 (CSSf), se focaliza en tres \u00e1mbitos: Investigaci\u00f3n, docencia y ayuda social...","breadcrumb":{"@id":"https:\/\/chiarifoundationbcn.com\/en\/our-mission\/#breadcrumb"},"inLanguage":"en-US","potentialAction":[{"@type":"ReadAction","target":["https:\/\/chiarifoundationbcn.com\/en\/our-mission\/"]}]},{"@type":"BreadcrumbList","@id":"https:\/\/chiarifoundationbcn.com\/en\/our-mission\/#breadcrumb","itemListElement":[{"@type":"ListItem","position":1,"name":"Portada","item":"https:\/\/chiarifoundationbcn.com\/en\/"},{"@type":"ListItem","position":2,"name":"Our mission"}]},{"@type":"WebSite","@id":"https:\/\/chiarifoundationbcn.com\/en\/#website","url":"https:\/\/chiarifoundationbcn.com\/en\/","name":"CSSF","description":"Chiari Scoliosis Syriangomyelia Fundaci\u00f3n","potentialAction":[{"@type":"SearchAction","target":{"@type":"EntryPoint","urlTemplate":"https:\/\/chiarifoundationbcn.com\/en\/?s={search_term_string}"},"query-input":"required name=search_term_string"}],"inLanguage":"en-US"}]}},"_links":{"self":[{"href":"https:\/\/chiarifoundationbcn.com\/en\/wp-json\/wp\/v2\/pages\/271"}],"collection":[{"href":"https:\/\/chiarifoundationbcn.com\/en\/wp-json\/wp\/v2\/pages"}],"about":[{"href":"https:\/\/chiarifoundationbcn.com\/en\/wp-json\/wp\/v2\/types\/page"}],"author":[{"embeddable":true,"href":"https:\/\/chiarifoundationbcn.com\/en\/wp-json\/wp\/v2\/users\/1"}],"replies":[{"embeddable":true,"href":"https:\/\/chiarifoundationbcn.com\/en\/wp-json\/wp\/v2\/comments?post=271"}],"version-history":[{"count":39,"href":"https:\/\/chiarifoundationbcn.com\/en\/wp-json\/wp\/v2\/pages\/271\/revisions"}],"predecessor-version":[{"id":1463,"href":"https:\/\/chiarifoundationbcn.com\/en\/wp-json\/wp\/v2\/pages\/271\/revisions\/1463"}],"wp:attachment":[{"href":"https:\/\/chiarifoundationbcn.com\/en\/wp-json\/wp\/v2\/media?parent=271"}],"curies":[{"name":"wp","href":"https:\/\/api.w.org\/{rel}","templated":true}]}}