{"id":20,"date":"2016-09-08T11:16:23","date_gmt":"2016-09-08T11:16:23","guid":{"rendered":"https:\/\/chiarifoundationbcn.com\/en\/?page_id=20"},"modified":"2018-02-26T13:38:41","modified_gmt":"2018-02-26T12:38:41","slug":"transfer-donation","status":"publish","type":"page","link":"https:\/\/chiarifoundationbcn.com\/en\/transfer-donation\/","title":{"rendered":"Donation through online transfer"},"content":{"rendered":"<table cellspacing=\"0\" cellpadding=\"0\">\n<tbody>\n<tr>\n<td class=\"td1\" valign=\"middle\">\n<p class=\"p1\"><span class=\"s1\"><strong>If you want to make a financial contribution, you can send your donation to the following bank account:<\/strong><\/span><\/p>\n<p class=\"p1\"><span class=\"s1\">Name of Bank:BBVA; account no.: 0182-1966-43-0201520453 <\/span><\/p>\n<p class=\"p1\"><span class=\"s1\">IBAN: ES61 0182 1966 4302 0152 0453<\/span><\/p>\n<p class=\"p1\"><span class=\"s1\">SWIFT Code: BBVAESMMXXX<\/span><\/p>\n<p class=\"p1\"><span class=\"s1\">In favour of: CHIARI &amp; SCOLIOSIS &amp; SYRINGOMYELIA FUNDACIO PRIVADA<\/span><\/p>\n<p class=\"p1\"><span class=\"s1\">Concept: Donation<\/span><\/p>\n<p class=\"p1\"><span class=\"s1\">Thank you very much!<\/span><\/p>\n<p class=\"p1\"><span class=\"s1\"><b> <\/b><\/span><\/p>\n<p class=\"p2\"><strong><span class=\"s1\">Your contributions are entitled to a tax deduction of 25%.<\/span><\/strong><\/p>\n<p class=\"p3\"><span class=\"s1\">Please send your full name, identifucation number, postal address, e-mail to the secretary of the CSSF, if you want to receive the certificate of your contribution: <a href=\"mailto:cssf@chiarifoundationbcn.com\">cssf@chiarifoundationbcn.com<\/a><\/span><\/p>\n<\/td>\n<\/tr>\n<\/tbody>\n<\/table>\n","protected":false},"excerpt":{"rendered":"<p>If you want to make a financial contribution, you can send your donation to the following bank account: Name of Bank:BBVA; account no.: 0182-1966-43-0201520453 IBAN: ES61 0182 1966 4302 0152 0453 SWIFT Code: BBVAESMMXXX In favour of: CHIARI &amp; SCOLIOSIS &amp; SYRINGOMYELIA FUNDACIO PRIVADA Concept: Donation Thank you very much! Your contributions are entitled to&#8230; &nbsp;<\/p>\n<p><a style=\"margin-top:20px;margin\" class=\"btn btn-default fade-hover\" role=\"button\" href=\"https:\/\/chiarifoundationbcn.com\/en\/transfer-donation\/\"> Read more &rarr;<\/a><\/p>\n","protected":false},"author":1,"featured_media":0,"parent":0,"menu_order":0,"comment_status":"closed","ping_status":"closed","template":"cssf_donate.php","meta":[],"yoast_head":"<!-- This site is optimized with the Yoast SEO plugin v20.2.1 - https:\/\/yoast.com\/wordpress\/plugins\/seo\/ -->\n<title>Ay\u00fadanos a hacerlo posible - Chiari &amp; Scoliosis &amp; Syringomyelia Fundaci\u00f3<\/title>\n<meta name=\"description\" content=\"Imagina un futuro sin el S\u00edndrome de Arnold-Chiari I, ni Escoliosis ni Siringomielia. Si deseas realizar una aportaci\u00f3n econ\u00f3mica, puedes participar en...\" \/>\n<meta name=\"robots\" content=\"index, follow, max-snippet:-1, max-image-preview:large, max-video-preview:-1\" \/>\n<link rel=\"canonical\" href=\"https:\/\/chiarifoundationbcn.com\/en\/transfer-donation\/\" \/>\n<meta property=\"og:locale\" content=\"en_US\" \/>\n<meta property=\"og:type\" content=\"article\" \/>\n<meta property=\"og:title\" content=\"Ay\u00fadanos a hacerlo posible - Chiari &amp; Scoliosis &amp; Syringomyelia Fundaci\u00f3\" \/>\n<meta property=\"og:description\" content=\"Imagina un futuro sin el S\u00edndrome de Arnold-Chiari I, ni Escoliosis ni Siringomielia. Si deseas realizar una aportaci\u00f3n econ\u00f3mica, puedes participar en...\" \/>\n<meta property=\"og:url\" content=\"https:\/\/chiarifoundationbcn.com\/en\/transfer-donation\/\" \/>\n<meta property=\"og:site_name\" content=\"CSSF\" \/>\n<meta property=\"article:publisher\" content=\"https:\/\/www.facebook.com\/CSSfoundation\/\" \/>\n<meta property=\"article:modified_time\" content=\"2018-02-26T12:38:41+00:00\" \/>\n<meta name=\"twitter:card\" content=\"summary_large_image\" \/>\n<script type=\"application\/ld+json\" class=\"yoast-schema-graph\">{\"@context\":\"https:\/\/schema.org\",\"@graph\":[{\"@type\":\"WebPage\",\"@id\":\"https:\/\/chiarifoundationbcn.com\/en\/transfer-donation\/\",\"url\":\"https:\/\/chiarifoundationbcn.com\/en\/transfer-donation\/\",\"name\":\"Ay\u00fadanos a hacerlo posible - Chiari & Scoliosis & Syringomyelia Fundaci\u00f3\",\"isPartOf\":{\"@id\":\"https:\/\/chiarifoundationbcn.com\/en\/#website\"},\"datePublished\":\"2016-09-08T11:16:23+00:00\",\"dateModified\":\"2018-02-26T12:38:41+00:00\",\"description\":\"Imagina un futuro sin el S\u00edndrome de Arnold-Chiari I, ni Escoliosis ni Siringomielia. Si deseas realizar una aportaci\u00f3n econ\u00f3mica, puedes participar en...\",\"breadcrumb\":{\"@id\":\"https:\/\/chiarifoundationbcn.com\/en\/transfer-donation\/#breadcrumb\"},\"inLanguage\":\"en-US\",\"potentialAction\":[{\"@type\":\"ReadAction\",\"target\":[\"https:\/\/chiarifoundationbcn.com\/en\/transfer-donation\/\"]}]},{\"@type\":\"BreadcrumbList\",\"@id\":\"https:\/\/chiarifoundationbcn.com\/en\/transfer-donation\/#breadcrumb\",\"itemListElement\":[{\"@type\":\"ListItem\",\"position\":1,\"name\":\"Portada\",\"item\":\"https:\/\/chiarifoundationbcn.com\/en\/\"},{\"@type\":\"ListItem\",\"position\":2,\"name\":\"Donation through online transfer\"}]},{\"@type\":\"WebSite\",\"@id\":\"https:\/\/chiarifoundationbcn.com\/en\/#website\",\"url\":\"https:\/\/chiarifoundationbcn.com\/en\/\",\"name\":\"CSSF\",\"description\":\"Chiari Scoliosis Syriangomyelia Fundaci\u00f3n\",\"potentialAction\":[{\"@type\":\"SearchAction\",\"target\":{\"@type\":\"EntryPoint\",\"urlTemplate\":\"https:\/\/chiarifoundationbcn.com\/en\/?s={search_term_string}\"},\"query-input\":\"required name=search_term_string\"}],\"inLanguage\":\"en-US\"}]}<\/script>\n<!-- \/ Yoast SEO plugin. -->","yoast_head_json":{"title":"Ay\u00fadanos a hacerlo posible - Chiari & Scoliosis & Syringomyelia Fundaci\u00f3","description":"Imagina un futuro sin el S\u00edndrome de Arnold-Chiari I, ni Escoliosis ni Siringomielia. Si deseas realizar una aportaci\u00f3n econ\u00f3mica, puedes participar en...","robots":{"index":"index","follow":"follow","max-snippet":"max-snippet:-1","max-image-preview":"max-image-preview:large","max-video-preview":"max-video-preview:-1"},"canonical":"https:\/\/chiarifoundationbcn.com\/en\/transfer-donation\/","og_locale":"en_US","og_type":"article","og_title":"Ay\u00fadanos a hacerlo posible - Chiari & Scoliosis & Syringomyelia Fundaci\u00f3","og_description":"Imagina un futuro sin el S\u00edndrome de Arnold-Chiari I, ni Escoliosis ni Siringomielia. Si deseas realizar una aportaci\u00f3n econ\u00f3mica, puedes participar en...","og_url":"https:\/\/chiarifoundationbcn.com\/en\/transfer-donation\/","og_site_name":"CSSF","article_publisher":"https:\/\/www.facebook.com\/CSSfoundation\/","article_modified_time":"2018-02-26T12:38:41+00:00","twitter_card":"summary_large_image","schema":{"@context":"https:\/\/schema.org","@graph":[{"@type":"WebPage","@id":"https:\/\/chiarifoundationbcn.com\/en\/transfer-donation\/","url":"https:\/\/chiarifoundationbcn.com\/en\/transfer-donation\/","name":"Ay\u00fadanos a hacerlo posible - Chiari & Scoliosis & Syringomyelia Fundaci\u00f3","isPartOf":{"@id":"https:\/\/chiarifoundationbcn.com\/en\/#website"},"datePublished":"2016-09-08T11:16:23+00:00","dateModified":"2018-02-26T12:38:41+00:00","description":"Imagina un futuro sin el S\u00edndrome de Arnold-Chiari I, ni Escoliosis ni Siringomielia. Si deseas realizar una aportaci\u00f3n econ\u00f3mica, puedes participar en...","breadcrumb":{"@id":"https:\/\/chiarifoundationbcn.com\/en\/transfer-donation\/#breadcrumb"},"inLanguage":"en-US","potentialAction":[{"@type":"ReadAction","target":["https:\/\/chiarifoundationbcn.com\/en\/transfer-donation\/"]}]},{"@type":"BreadcrumbList","@id":"https:\/\/chiarifoundationbcn.com\/en\/transfer-donation\/#breadcrumb","itemListElement":[{"@type":"ListItem","position":1,"name":"Portada","item":"https:\/\/chiarifoundationbcn.com\/en\/"},{"@type":"ListItem","position":2,"name":"Donation through online transfer"}]},{"@type":"WebSite","@id":"https:\/\/chiarifoundationbcn.com\/en\/#website","url":"https:\/\/chiarifoundationbcn.com\/en\/","name":"CSSF","description":"Chiari Scoliosis Syriangomyelia Fundaci\u00f3n","potentialAction":[{"@type":"SearchAction","target":{"@type":"EntryPoint","urlTemplate":"https:\/\/chiarifoundationbcn.com\/en\/?s={search_term_string}"},"query-input":"required name=search_term_string"}],"inLanguage":"en-US"}]}},"_links":{"self":[{"href":"https:\/\/chiarifoundationbcn.com\/en\/wp-json\/wp\/v2\/pages\/20"}],"collection":[{"href":"https:\/\/chiarifoundationbcn.com\/en\/wp-json\/wp\/v2\/pages"}],"about":[{"href":"https:\/\/chiarifoundationbcn.com\/en\/wp-json\/wp\/v2\/types\/page"}],"author":[{"embeddable":true,"href":"https:\/\/chiarifoundationbcn.com\/en\/wp-json\/wp\/v2\/users\/1"}],"replies":[{"embeddable":true,"href":"https:\/\/chiarifoundationbcn.com\/en\/wp-json\/wp\/v2\/comments?post=20"}],"version-history":[{"count":7,"href":"https:\/\/chiarifoundationbcn.com\/en\/wp-json\/wp\/v2\/pages\/20\/revisions"}],"predecessor-version":[{"id":1691,"href":"https:\/\/chiarifoundationbcn.com\/en\/wp-json\/wp\/v2\/pages\/20\/revisions\/1691"}],"wp:attachment":[{"href":"https:\/\/chiarifoundationbcn.com\/en\/wp-json\/wp\/v2\/media?parent=20"}],"curies":[{"name":"wp","href":"https:\/\/api.w.org\/{rel}","templated":true}]}}