{"id":1646,"date":"2018-01-12T11:22:21","date_gmt":"2018-01-12T10:22:21","guid":{"rendered":"https:\/\/chiarifoundationbcn.com\/en\/?page_id=1646"},"modified":"2018-01-12T11:37:26","modified_gmt":"2018-01-12T10:37:26","slug":"marisa-toscano","status":"publish","type":"page","link":"https:\/\/chiarifoundationbcn.com\/en\/personal-projects-cssf\/marisa-toscano\/","title":{"rendered":"Marisa Toscano"},"content":{"rendered":"<p style=\"text-align: justify;\">\nThe Italian writer Marisa Toscano took part in the event and presented the poem:<br \/>\nEl evento cont\u00f3 con la participaci\u00f3n de la escritora italiana Marisa Toscano, que present\u00f3 la poes\u00eda \u201c\u2026E poi Barcellona\u201d to the rhythm La vita \u00e8 bella by Nicola Piovani, interpreted by the Italian dancer Francesca Ghisio Erba.<br \/>\n<br \/>\nMarisa Toscano, a Sicilian writer from Mistretta, is the author o \u201cSimint\u00ec\u201d, a collection of prose and poetry. It was published in 2012 under the seal \u201cCentro St\u00f3rico\u201d, \u201cthe Mistretta\u2019s exemplary symbol and also symbol of a present culture that knows how to resist and suggest without allowing itself to get hung up in the apathy that let\u2019s people fall asleep\u201d, as written by \u201cjournalist and writer\u201d Melo Freni un the La Gazzetta del Sud newpaper.<\/p>\n<p>&nbsp;<\/p>\n<div align=\"center\"><img decoding=\"async\" loading=\"lazy\" class=\"img-rounded img-responsive\" src=\"https:\/\/chiarifoundationbcn.com\/en\/wp-content\/uploads\/2017\/10\/DSC6377.jpg\" alt=\"\" width=\"600\" height=\"auto\" \/><\/div>\n<p>&nbsp;<\/p>\n<p style=\"text-align: justify;\">Rosa Grazia Cascio comments on her poems in Sicilian dialect that \u201cthey are rich in musicality and sentiment, virtues that can be perceived even without reading the translation\u201d. Her tales are \u201cirresistible because of their style and storyline, wonderful photographs in a big family album, an inexhaustible source of the joy of having a past, of belonging lovingly to a society, a world that is still alive in the memory and in the heart\u201d.<br \/>\n&nbsp;<\/p>\n<div align=\"center\"><a href=\"https:\/\/chiarifoundationbcn.com\/pdf\/poesia-marisa-toscano-cssf-roma.pdf\" target=\"_blank\" rel=\"noopener\"><img decoding=\"async\" loading=\"lazy\" src=\"https:\/\/chiarifoundationbcn.com\/en\/wp-content\/uploads\/2018\/01\/poesia-marisa-cssf-roma2.jpg\" alt=\"\" width=\"400\" height=\"auto\" class=\"img-responsive\" \/><\/a><\/div>\n<p>&nbsp;<br \/>\nFrancesco Maria Di Bernardo Amato remarks about her and her \u201cSimint\u00ec\u201d: \u201cShe knows how to speak of suffering, that has lifted and been cured; she knows how to speak of death, not as a taboo that should be hidden away, but as an essential part of life itself and the spirit that it holds.\u201d<\/p>\n<p><a href=\"https:\/\/www.facebook.com\/marisatosca\" target=\"_blank\" rel=\"noopener\">Facebook.com\/marisatosca<\/a><\/p>\n","protected":false},"excerpt":{"rendered":"<p>The Italian writer Marisa Toscano took part in the event and presented the poem: El evento cont\u00f3 con la participaci\u00f3n de la escritora italiana Marisa Toscano, que present\u00f3 la poes\u00eda \u201c\u2026E poi Barcellona\u201d to the rhythm La vita \u00e8 bella by Nicola Piovani, interpreted by the Italian dancer Francesca Ghisio Erba. Marisa Toscano, a Sicilian&#8230; &nbsp;<\/p>\n<p><a style=\"margin-top:20px;margin\" class=\"btn btn-default fade-hover\" role=\"button\" href=\"https:\/\/chiarifoundationbcn.com\/en\/personal-projects-cssf\/marisa-toscano\/\"> Read more &rarr;<\/a><\/p>\n","protected":false},"author":1,"featured_media":0,"parent":265,"menu_order":0,"comment_status":"closed","ping_status":"closed","template":"cssf_proMarisa.php","meta":[],"yoast_head":"<!-- This site is optimized with the Yoast SEO plugin v20.2.1 - https:\/\/yoast.com\/wordpress\/plugins\/seo\/ -->\n<title>Marisa Toscano | CSSF<\/title>\n<meta name=\"robots\" content=\"index, follow, max-snippet:-1, max-image-preview:large, max-video-preview:-1\" \/>\n<link rel=\"canonical\" href=\"https:\/\/chiarifoundationbcn.com\/en\/personal-projects-cssf\/marisa-toscano\/\" \/>\n<meta property=\"og:locale\" content=\"en_US\" \/>\n<meta property=\"og:type\" content=\"article\" \/>\n<meta property=\"og:title\" content=\"Marisa Toscano | CSSF\" \/>\n<meta property=\"og:description\" content=\"The Italian writer Marisa Toscano took part in the event and presented the poem: El evento cont\u00f3 con la participaci\u00f3n de la escritora italiana Marisa Toscano, que present\u00f3 la poes\u00eda \u201c\u2026E poi Barcellona\u201d to the rhythm La vita \u00e8 bella by Nicola Piovani, interpreted by the Italian dancer Francesca Ghisio Erba. Marisa Toscano, a Sicilian... &nbsp; Read more &rarr;\" \/>\n<meta property=\"og:url\" content=\"https:\/\/chiarifoundationbcn.com\/en\/personal-projects-cssf\/marisa-toscano\/\" \/>\n<meta property=\"og:site_name\" content=\"CSSF\" \/>\n<meta property=\"article:publisher\" content=\"https:\/\/www.facebook.com\/CSSfoundation\/\" \/>\n<meta property=\"article:modified_time\" content=\"2018-01-12T10:37:26+00:00\" \/>\n<meta property=\"og:image\" content=\"https:\/\/chiarifoundationbcn.com\/en\/wp-content\/uploads\/2017\/10\/DSC6377.jpg\" \/>\n<meta name=\"twitter:card\" content=\"summary_large_image\" \/>\n<meta name=\"twitter:label1\" content=\"Est. reading time\" \/>\n\t<meta name=\"twitter:data1\" content=\"1 minute\" \/>\n<script type=\"application\/ld+json\" class=\"yoast-schema-graph\">{\"@context\":\"https:\/\/schema.org\",\"@graph\":[{\"@type\":\"WebPage\",\"@id\":\"https:\/\/chiarifoundationbcn.com\/en\/personal-projects-cssf\/marisa-toscano\/\",\"url\":\"https:\/\/chiarifoundationbcn.com\/en\/personal-projects-cssf\/marisa-toscano\/\",\"name\":\"Marisa Toscano | CSSF\",\"isPartOf\":{\"@id\":\"https:\/\/chiarifoundationbcn.com\/en\/#website\"},\"datePublished\":\"2018-01-12T10:22:21+00:00\",\"dateModified\":\"2018-01-12T10:37:26+00:00\",\"breadcrumb\":{\"@id\":\"https:\/\/chiarifoundationbcn.com\/en\/personal-projects-cssf\/marisa-toscano\/#breadcrumb\"},\"inLanguage\":\"en-US\",\"potentialAction\":[{\"@type\":\"ReadAction\",\"target\":[\"https:\/\/chiarifoundationbcn.com\/en\/personal-projects-cssf\/marisa-toscano\/\"]}]},{\"@type\":\"BreadcrumbList\",\"@id\":\"https:\/\/chiarifoundationbcn.com\/en\/personal-projects-cssf\/marisa-toscano\/#breadcrumb\",\"itemListElement\":[{\"@type\":\"ListItem\",\"position\":1,\"name\":\"Portada\",\"item\":\"https:\/\/chiarifoundationbcn.com\/en\/\"},{\"@type\":\"ListItem\",\"position\":2,\"name\":\"Personal Projects\",\"item\":\"https:\/\/chiarifoundationbcn.com\/en\/personal-projects-cssf\/\"},{\"@type\":\"ListItem\",\"position\":3,\"name\":\"Marisa Toscano\"}]},{\"@type\":\"WebSite\",\"@id\":\"https:\/\/chiarifoundationbcn.com\/en\/#website\",\"url\":\"https:\/\/chiarifoundationbcn.com\/en\/\",\"name\":\"CSSF\",\"description\":\"Chiari Scoliosis Syriangomyelia Fundaci\u00f3n\",\"potentialAction\":[{\"@type\":\"SearchAction\",\"target\":{\"@type\":\"EntryPoint\",\"urlTemplate\":\"https:\/\/chiarifoundationbcn.com\/en\/?s={search_term_string}\"},\"query-input\":\"required name=search_term_string\"}],\"inLanguage\":\"en-US\"}]}<\/script>\n<!-- \/ Yoast SEO plugin. -->","yoast_head_json":{"title":"Marisa Toscano | CSSF","robots":{"index":"index","follow":"follow","max-snippet":"max-snippet:-1","max-image-preview":"max-image-preview:large","max-video-preview":"max-video-preview:-1"},"canonical":"https:\/\/chiarifoundationbcn.com\/en\/personal-projects-cssf\/marisa-toscano\/","og_locale":"en_US","og_type":"article","og_title":"Marisa Toscano | CSSF","og_description":"The Italian writer Marisa Toscano took part in the event and presented the poem: El evento cont\u00f3 con la participaci\u00f3n de la escritora italiana Marisa Toscano, que present\u00f3 la poes\u00eda \u201c\u2026E poi Barcellona\u201d to the rhythm La vita \u00e8 bella by Nicola Piovani, interpreted by the Italian dancer Francesca Ghisio Erba. Marisa Toscano, a Sicilian... &nbsp; Read more &rarr;","og_url":"https:\/\/chiarifoundationbcn.com\/en\/personal-projects-cssf\/marisa-toscano\/","og_site_name":"CSSF","article_publisher":"https:\/\/www.facebook.com\/CSSfoundation\/","article_modified_time":"2018-01-12T10:37:26+00:00","og_image":[{"url":"https:\/\/chiarifoundationbcn.com\/en\/wp-content\/uploads\/2017\/10\/DSC6377.jpg"}],"twitter_card":"summary_large_image","twitter_misc":{"Est. reading time":"1 minute"},"schema":{"@context":"https:\/\/schema.org","@graph":[{"@type":"WebPage","@id":"https:\/\/chiarifoundationbcn.com\/en\/personal-projects-cssf\/marisa-toscano\/","url":"https:\/\/chiarifoundationbcn.com\/en\/personal-projects-cssf\/marisa-toscano\/","name":"Marisa Toscano | CSSF","isPartOf":{"@id":"https:\/\/chiarifoundationbcn.com\/en\/#website"},"datePublished":"2018-01-12T10:22:21+00:00","dateModified":"2018-01-12T10:37:26+00:00","breadcrumb":{"@id":"https:\/\/chiarifoundationbcn.com\/en\/personal-projects-cssf\/marisa-toscano\/#breadcrumb"},"inLanguage":"en-US","potentialAction":[{"@type":"ReadAction","target":["https:\/\/chiarifoundationbcn.com\/en\/personal-projects-cssf\/marisa-toscano\/"]}]},{"@type":"BreadcrumbList","@id":"https:\/\/chiarifoundationbcn.com\/en\/personal-projects-cssf\/marisa-toscano\/#breadcrumb","itemListElement":[{"@type":"ListItem","position":1,"name":"Portada","item":"https:\/\/chiarifoundationbcn.com\/en\/"},{"@type":"ListItem","position":2,"name":"Personal Projects","item":"https:\/\/chiarifoundationbcn.com\/en\/personal-projects-cssf\/"},{"@type":"ListItem","position":3,"name":"Marisa Toscano"}]},{"@type":"WebSite","@id":"https:\/\/chiarifoundationbcn.com\/en\/#website","url":"https:\/\/chiarifoundationbcn.com\/en\/","name":"CSSF","description":"Chiari Scoliosis Syriangomyelia Fundaci\u00f3n","potentialAction":[{"@type":"SearchAction","target":{"@type":"EntryPoint","urlTemplate":"https:\/\/chiarifoundationbcn.com\/en\/?s={search_term_string}"},"query-input":"required name=search_term_string"}],"inLanguage":"en-US"}]}},"_links":{"self":[{"href":"https:\/\/chiarifoundationbcn.com\/en\/wp-json\/wp\/v2\/pages\/1646"}],"collection":[{"href":"https:\/\/chiarifoundationbcn.com\/en\/wp-json\/wp\/v2\/pages"}],"about":[{"href":"https:\/\/chiarifoundationbcn.com\/en\/wp-json\/wp\/v2\/types\/page"}],"author":[{"embeddable":true,"href":"https:\/\/chiarifoundationbcn.com\/en\/wp-json\/wp\/v2\/users\/1"}],"replies":[{"embeddable":true,"href":"https:\/\/chiarifoundationbcn.com\/en\/wp-json\/wp\/v2\/comments?post=1646"}],"version-history":[{"count":5,"href":"https:\/\/chiarifoundationbcn.com\/en\/wp-json\/wp\/v2\/pages\/1646\/revisions"}],"predecessor-version":[{"id":1653,"href":"https:\/\/chiarifoundationbcn.com\/en\/wp-json\/wp\/v2\/pages\/1646\/revisions\/1653"}],"up":[{"embeddable":true,"href":"https:\/\/chiarifoundationbcn.com\/en\/wp-json\/wp\/v2\/pages\/265"}],"wp:attachment":[{"href":"https:\/\/chiarifoundationbcn.com\/en\/wp-json\/wp\/v2\/media?parent=1646"}],"curies":[{"name":"wp","href":"https:\/\/api.w.org\/{rel}","templated":true}]}}