{"id":1536,"date":"2017-11-22T16:03:21","date_gmt":"2017-11-22T15:03:21","guid":{"rendered":"https:\/\/chiarifoundationbcn.com\/en\/?page_id=1536"},"modified":"2017-11-22T16:03:57","modified_gmt":"2017-11-22T15:03:57","slug":"ferran-perez-vivancos","status":"publish","type":"page","link":"https:\/\/chiarifoundationbcn.com\/en\/personal-projects-cssf\/ferran-perez-vivancos\/","title":{"rendered":"Ferr\u00e1n P\u00e9rez Vivancos"},"content":{"rendered":"<p style=\"text-align: justify;\"> The works of the Catalan artist, Ferr\u00e1n P\u00e9rez Vivancos, were presented at the 2nd Chiari &#038; Scoliosis &#038; Syringomyelia Foundation Cultural Event, which took place at the San Luigi Guanella Theater, in Rome (Italy), in October 2017.<\/p>\n<div class=\"row\" align=\"center\">\n<div class=\"col-md-6 col-xs-12\" style=\"padding: 20px;\">\n  <img decoding=\"async\" loading=\"lazy\" src=\"https:\/\/chiarifoundationbcn.com\/en\/wp-content\/uploads\/2017\/11\/ferran-obra-cssf-1-1.jpg\" alt=\"\" width=\"auto\" height=\"350\" class=\"alignnone size-full wp-image-1304\" \/>\n <\/div>\n<div class=\"col-md-6 col-xs-12\" style=\"padding: 20px;\">\n  <img decoding=\"async\" loading=\"lazy\" src=\"https:\/\/chiarifoundationbcn.com\/en\/wp-content\/uploads\/2017\/11\/ferran-obra-cssf-3-1.jpg\" alt=\"\" width=\"auto\" height=\"350\" class=\"alignnone size-full wp-image-1305\" \/>\n <\/div>\n<\/div>\n<p style=\"text-align: justify;\"> Ferran P\u00e9rez Vivancos, born in Barcelona in 1946, earned his degree in Applied Art and Graphic Design in 1968. He taught Graphic Design between 1968 and 1979 at the Barcelona\u2019s Massana School where he had himself studied beforehand. He combined this activity with that of a graphic artist at different studios in Barcelona. He set up his own design studio in 1982 where his combines his work with his painting activity.<br \/>\n<br \/>\nCurrently, after several decades dedicated to creativity, he accumulates hundreds of finished works, some of them in private collections in Barcelona, Germany and South America, where is work is especially well received.<br \/>\n<br \/>\nBetween 1972 and present day, he has participated in numerous collective expositions. The rest of his oeuvre is carefully stowed away. All this has been possible thanks to his perseverance, enthusiasm and the unconditional support of his family which has allowed him to develop this activity during so many years.<br \/>\n<br \/>\n<strong>Contact details:<\/strong><br \/>\n<a href=\"mailto:ferranperezv@gmail.com\"><em>ferranperezv@gmail.com<\/em><\/a><\/p>\n","protected":false},"excerpt":{"rendered":"<p>The works of the Catalan artist, Ferr\u00e1n P\u00e9rez Vivancos, were presented at the 2nd Chiari &#038; Scoliosis &#038; Syringomyelia Foundation Cultural Event, which took place at the San Luigi Guanella Theater, in Rome (Italy), in October 2017. Ferran P\u00e9rez Vivancos, born in Barcelona in 1946, earned his degree in Applied Art and Graphic Design in&#8230; &nbsp;<\/p>\n<p><a style=\"margin-top:20px;margin\" class=\"btn btn-default fade-hover\" role=\"button\" href=\"https:\/\/chiarifoundationbcn.com\/en\/personal-projects-cssf\/ferran-perez-vivancos\/\"> Read more &rarr;<\/a><\/p>\n","protected":false},"author":1,"featured_media":0,"parent":265,"menu_order":0,"comment_status":"closed","ping_status":"closed","template":"cssf_proFerran.php","meta":[],"yoast_head":"<!-- This site is optimized with the Yoast SEO plugin v20.2.1 - https:\/\/yoast.com\/wordpress\/plugins\/seo\/ -->\n<title>Ferr\u00e1n P\u00e9rez Vivancos | CSSF<\/title>\n<meta name=\"robots\" content=\"index, follow, max-snippet:-1, max-image-preview:large, max-video-preview:-1\" \/>\n<link rel=\"canonical\" href=\"https:\/\/chiarifoundationbcn.com\/en\/personal-projects-cssf\/ferran-perez-vivancos\/\" \/>\n<meta property=\"og:locale\" content=\"en_US\" \/>\n<meta property=\"og:type\" content=\"article\" \/>\n<meta property=\"og:title\" content=\"Ferr\u00e1n P\u00e9rez Vivancos | CSSF\" \/>\n<meta property=\"og:description\" content=\"The works of the Catalan artist, Ferr\u00e1n P\u00e9rez Vivancos, were presented at the 2nd Chiari &#038; Scoliosis &#038; Syringomyelia Foundation Cultural Event, which took place at the San Luigi Guanella Theater, in Rome (Italy), in October 2017. Ferran P\u00e9rez Vivancos, born in Barcelona in 1946, earned his degree in Applied Art and Graphic Design in... &nbsp; Read more &rarr;\" \/>\n<meta property=\"og:url\" content=\"https:\/\/chiarifoundationbcn.com\/en\/personal-projects-cssf\/ferran-perez-vivancos\/\" \/>\n<meta property=\"og:site_name\" content=\"CSSF\" \/>\n<meta property=\"article:publisher\" content=\"https:\/\/www.facebook.com\/CSSfoundation\/\" \/>\n<meta property=\"article:modified_time\" content=\"2017-11-22T15:03:57+00:00\" \/>\n<meta property=\"og:image\" content=\"https:\/\/chiarifoundationbcn.com\/en\/wp-content\/uploads\/2017\/11\/ferran-obra-cssf-1-1.jpg\" \/>\n<meta name=\"twitter:card\" content=\"summary_large_image\" \/>\n<meta name=\"twitter:label1\" content=\"Est. reading time\" \/>\n\t<meta name=\"twitter:data1\" content=\"1 minute\" \/>\n<script type=\"application\/ld+json\" class=\"yoast-schema-graph\">{\"@context\":\"https:\/\/schema.org\",\"@graph\":[{\"@type\":\"WebPage\",\"@id\":\"https:\/\/chiarifoundationbcn.com\/en\/personal-projects-cssf\/ferran-perez-vivancos\/\",\"url\":\"https:\/\/chiarifoundationbcn.com\/en\/personal-projects-cssf\/ferran-perez-vivancos\/\",\"name\":\"Ferr\u00e1n P\u00e9rez Vivancos | CSSF\",\"isPartOf\":{\"@id\":\"https:\/\/chiarifoundationbcn.com\/en\/#website\"},\"datePublished\":\"2017-11-22T15:03:21+00:00\",\"dateModified\":\"2017-11-22T15:03:57+00:00\",\"breadcrumb\":{\"@id\":\"https:\/\/chiarifoundationbcn.com\/en\/personal-projects-cssf\/ferran-perez-vivancos\/#breadcrumb\"},\"inLanguage\":\"en-US\",\"potentialAction\":[{\"@type\":\"ReadAction\",\"target\":[\"https:\/\/chiarifoundationbcn.com\/en\/personal-projects-cssf\/ferran-perez-vivancos\/\"]}]},{\"@type\":\"BreadcrumbList\",\"@id\":\"https:\/\/chiarifoundationbcn.com\/en\/personal-projects-cssf\/ferran-perez-vivancos\/#breadcrumb\",\"itemListElement\":[{\"@type\":\"ListItem\",\"position\":1,\"name\":\"Portada\",\"item\":\"https:\/\/chiarifoundationbcn.com\/en\/\"},{\"@type\":\"ListItem\",\"position\":2,\"name\":\"Personal Projects\",\"item\":\"https:\/\/chiarifoundationbcn.com\/en\/personal-projects-cssf\/\"},{\"@type\":\"ListItem\",\"position\":3,\"name\":\"Ferr\u00e1n P\u00e9rez Vivancos\"}]},{\"@type\":\"WebSite\",\"@id\":\"https:\/\/chiarifoundationbcn.com\/en\/#website\",\"url\":\"https:\/\/chiarifoundationbcn.com\/en\/\",\"name\":\"CSSF\",\"description\":\"Chiari Scoliosis Syriangomyelia Fundaci\u00f3n\",\"potentialAction\":[{\"@type\":\"SearchAction\",\"target\":{\"@type\":\"EntryPoint\",\"urlTemplate\":\"https:\/\/chiarifoundationbcn.com\/en\/?s={search_term_string}\"},\"query-input\":\"required name=search_term_string\"}],\"inLanguage\":\"en-US\"}]}<\/script>\n<!-- \/ Yoast SEO plugin. -->","yoast_head_json":{"title":"Ferr\u00e1n P\u00e9rez Vivancos | CSSF","robots":{"index":"index","follow":"follow","max-snippet":"max-snippet:-1","max-image-preview":"max-image-preview:large","max-video-preview":"max-video-preview:-1"},"canonical":"https:\/\/chiarifoundationbcn.com\/en\/personal-projects-cssf\/ferran-perez-vivancos\/","og_locale":"en_US","og_type":"article","og_title":"Ferr\u00e1n P\u00e9rez Vivancos | CSSF","og_description":"The works of the Catalan artist, Ferr\u00e1n P\u00e9rez Vivancos, were presented at the 2nd Chiari &#038; Scoliosis &#038; Syringomyelia Foundation Cultural Event, which took place at the San Luigi Guanella Theater, in Rome (Italy), in October 2017. Ferran P\u00e9rez Vivancos, born in Barcelona in 1946, earned his degree in Applied Art and Graphic Design in... &nbsp; Read more &rarr;","og_url":"https:\/\/chiarifoundationbcn.com\/en\/personal-projects-cssf\/ferran-perez-vivancos\/","og_site_name":"CSSF","article_publisher":"https:\/\/www.facebook.com\/CSSfoundation\/","article_modified_time":"2017-11-22T15:03:57+00:00","og_image":[{"url":"https:\/\/chiarifoundationbcn.com\/en\/wp-content\/uploads\/2017\/11\/ferran-obra-cssf-1-1.jpg"}],"twitter_card":"summary_large_image","twitter_misc":{"Est. reading time":"1 minute"},"schema":{"@context":"https:\/\/schema.org","@graph":[{"@type":"WebPage","@id":"https:\/\/chiarifoundationbcn.com\/en\/personal-projects-cssf\/ferran-perez-vivancos\/","url":"https:\/\/chiarifoundationbcn.com\/en\/personal-projects-cssf\/ferran-perez-vivancos\/","name":"Ferr\u00e1n P\u00e9rez Vivancos | CSSF","isPartOf":{"@id":"https:\/\/chiarifoundationbcn.com\/en\/#website"},"datePublished":"2017-11-22T15:03:21+00:00","dateModified":"2017-11-22T15:03:57+00:00","breadcrumb":{"@id":"https:\/\/chiarifoundationbcn.com\/en\/personal-projects-cssf\/ferran-perez-vivancos\/#breadcrumb"},"inLanguage":"en-US","potentialAction":[{"@type":"ReadAction","target":["https:\/\/chiarifoundationbcn.com\/en\/personal-projects-cssf\/ferran-perez-vivancos\/"]}]},{"@type":"BreadcrumbList","@id":"https:\/\/chiarifoundationbcn.com\/en\/personal-projects-cssf\/ferran-perez-vivancos\/#breadcrumb","itemListElement":[{"@type":"ListItem","position":1,"name":"Portada","item":"https:\/\/chiarifoundationbcn.com\/en\/"},{"@type":"ListItem","position":2,"name":"Personal Projects","item":"https:\/\/chiarifoundationbcn.com\/en\/personal-projects-cssf\/"},{"@type":"ListItem","position":3,"name":"Ferr\u00e1n P\u00e9rez Vivancos"}]},{"@type":"WebSite","@id":"https:\/\/chiarifoundationbcn.com\/en\/#website","url":"https:\/\/chiarifoundationbcn.com\/en\/","name":"CSSF","description":"Chiari Scoliosis Syriangomyelia Fundaci\u00f3n","potentialAction":[{"@type":"SearchAction","target":{"@type":"EntryPoint","urlTemplate":"https:\/\/chiarifoundationbcn.com\/en\/?s={search_term_string}"},"query-input":"required name=search_term_string"}],"inLanguage":"en-US"}]}},"_links":{"self":[{"href":"https:\/\/chiarifoundationbcn.com\/en\/wp-json\/wp\/v2\/pages\/1536"}],"collection":[{"href":"https:\/\/chiarifoundationbcn.com\/en\/wp-json\/wp\/v2\/pages"}],"about":[{"href":"https:\/\/chiarifoundationbcn.com\/en\/wp-json\/wp\/v2\/types\/page"}],"author":[{"embeddable":true,"href":"https:\/\/chiarifoundationbcn.com\/en\/wp-json\/wp\/v2\/users\/1"}],"replies":[{"embeddable":true,"href":"https:\/\/chiarifoundationbcn.com\/en\/wp-json\/wp\/v2\/comments?post=1536"}],"version-history":[{"count":2,"href":"https:\/\/chiarifoundationbcn.com\/en\/wp-json\/wp\/v2\/pages\/1536\/revisions"}],"predecessor-version":[{"id":1540,"href":"https:\/\/chiarifoundationbcn.com\/en\/wp-json\/wp\/v2\/pages\/1536\/revisions\/1540"}],"up":[{"embeddable":true,"href":"https:\/\/chiarifoundationbcn.com\/en\/wp-json\/wp\/v2\/pages\/265"}],"wp:attachment":[{"href":"https:\/\/chiarifoundationbcn.com\/en\/wp-json\/wp\/v2\/media?parent=1536"}],"curies":[{"name":"wp","href":"https:\/\/api.w.org\/{rel}","templated":true}]}}